{"id":1392,"date":"2026-03-27T23:29:06","date_gmt":"2026-03-27T22:29:06","guid":{"rendered":"https:\/\/www.mobitoil.ch\/contact\/"},"modified":"2026-04-17T12:41:52","modified_gmt":"2026-04-17T11:41:52","slug":"contact","status":"publish","type":"page","link":"https:\/\/www.mobitoil.ch\/fr\/contact\/","title":{"rendered":"Contact"},"content":{"rendered":"\t\t<div data-elementor-type=\"wp-page\" data-elementor-id=\"1392\" class=\"elementor elementor-1392 elementor-666\" data-elementor-post-type=\"page\">\n\t\t\t\t\t\t<div class=\"elementor-element elementor-element-0f24f8f e-con e-atomic-element e-flexbox-base e-0f24f8f-fab68c1\" data-id=\"0f24f8f\" data-element_type=\"e-flexbox\" data-e-type=\"e-flexbox\" data-interaction-id=\"0f24f8f\" data-e-type=\"e-flexbox\" data-id=\"0f24f8f\">\n\t\t\t\t<div class=\"elementor-element elementor-element-6600941 e-con e-atomic-element e-flexbox-base\" data-id=\"6600941\" data-element_type=\"e-flexbox\" data-e-type=\"e-flexbox\" data-interaction-id=\"6600941\" data-e-type=\"e-flexbox\" data-id=\"6600941\">\n\t\t\t\t<div class=\"elementor-element elementor-element-52b8783 fluent-form-widget-step-header-yes fluent-form-widget-step-progressbar-yes fluentform-widget-submit-button-custom elementor-widget elementor-widget-fluent-form-widget\" data-id=\"52b8783\" data-element_type=\"widget\" data-e-type=\"widget\" data-widget_type=\"fluent-form-widget.default\">\n\t\t\t\t<div class=\"elementor-widget-container\">\n\t\t\t\t\t\n            <div class=\"fluentform-widget-wrapper fluentform-widget-align-default\">\n\n            \n            <div class='fluentform ff-default fluentform_wrapper_6 ffs_default_wrap'><form data-form_id=\"6\" id=\"fluentform_6\" class=\"frm-fluent-form fluent_form_6 ff-el-form-top ff_form_instance_6_1 ff-form-loading ffs_default\" data-form_instance=\"ff_form_instance_6_1\" method=\"POST\" ><fieldset  style=\"border: none!important;margin: 0!important;padding: 0!important;background-color: transparent!important;box-shadow: none!important;outline: none!important; min-inline-size: 100%;\">\n                    <legend class=\"ff_screen_reader_title\" style=\"display: block; margin: 0!important;padding: 0!important;height: 0!important;text-indent: -999999px;width: 0!important;overflow:hidden;\">Kontakt - Standard<\/legend><input type='hidden' name='__fluent_form_embded_post_id' value='1392' \/><input type=\"hidden\" id=\"_fluentform_6_fluentformnonce\" name=\"_fluentform_6_fluentformnonce\" value=\"36603cdab3\" \/><input type=\"hidden\" name=\"_wp_http_referer\" value=\"\/fr\/wp-json\/wp\/v2\/pages\/1392\" \/><div data-type=\"name-element\" data-name=\"names\" class=\" ff-field_container ff-name-field-wrapper\" ><div class='ff-t-container'><div class='ff-t-cell '><div class='ff-el-group'><div class=\"ff-el-input--label asterisk-right\"><label for='ff_6_names_first_name_' id='label_ff_6_names_first_name_' >Pr\u00e9nom<\/label><\/div><div class='ff-el-input--content'><input type=\"text\" name=\"names[first_name]\" id=\"ff_6_names_first_name_\" class=\"ff-el-form-control\" placeholder=\"Pr\u00e9nom\" aria-invalid=\"false\" aria-required=false><\/div><\/div><\/div><div class='ff-t-cell '><div class='ff-el-group'><div class=\"ff-el-input--label ff-el-is-required asterisk-right\"><label for='ff_6_names_last_name_' id='label_ff_6_names_last_name_' >Nom<\/label><\/div><div class='ff-el-input--content'><input type=\"text\" name=\"names[last_name]\" id=\"ff_6_names_last_name_\" class=\"ff-el-form-control\" placeholder=\"Nom\" aria-invalid=\"false\" aria-required=true><\/div><\/div><\/div><\/div><\/div><div class='ff-el-group'><div class=\"ff-el-input--label ff-el-is-required asterisk-right\"><label for='ff_6_email' id='label_ff_6_email' aria-label=\"E-mail\">E-mail<\/label><\/div><div class='ff-el-input--content'><input type=\"email\" name=\"email\" id=\"ff_6_email\" class=\"ff-el-form-control\" placeholder=\"Adresse e-mail\" data-name=\"email\"  aria-invalid=\"false\" aria-required=true><\/div><\/div><div class='ff-el-group'><div class=\"ff-el-input--label ff-el-is-required asterisk-right\"><label for='ff_6_phone' id='label_ff_6_phone' aria-label=\"\u00c0 quel num\u00e9ro pouvons-nous te joindre ?\">\u00c0 quel num\u00e9ro pouvons-nous te joindre ?<\/label><\/div><div class='ff-el-input--content'><input name=\"phone\" class=\"ff-el-form-control ff-el-phone ff_el_with_extended_validation\" type=\"tel\" placeholder=\"Num\u00e9ro de mobile\" data-name=\"phone\" id=\"ff_6_phone\" inputmode=\"tel\"  aria-invalid='false' aria-required=true><\/div><\/div><div data-name=\"ff_cn_id_1\"  class='ff-t-container ff-column-container ff_columns_total_2 '><div class='ff-t-cell ff-t-column-1' style='flex-basis: 55.01%;'><div class='ff-el-group'><div class=\"ff-el-input--label asterisk-right\"><label for='ff_6_datetime' id='label_ff_6_datetime' aria-label=\"Quel jour devons-nous vous rappeler ?\">Quel jour devons-nous vous rappeler ?<\/label><\/div><div class='ff-el-input--content'><input  aria-label='Quel jour devons-nous vous rappeler ? Use arrow keys to navigate dates. Press enter to select a date.'  aria-haspopup='dialog' data-type-datepicker data-format='d.m.Y' type=\"text\" name=\"datetime\" id=\"ff_6_datetime\" class=\"ff-el-form-control ff-el-datepicker\" placeholder=\"Quelle date ?\" data-name=\"datetime\"  aria-invalid='false' aria-required=false><\/div><\/div><\/div><div class='ff-t-cell ff-t-column-2' style='flex-basis: 44.99%;'><div class='ff-el-group'><div class=\"ff-el-input--label ff-el-is-required asterisk-right\"><label   aria-label=\"Heure de l\u2019appel\">Heure de l\u2019appel<\/label><\/div><div class='ff-el-input--content'><div class='ff-el-form-check ff-el-form-check-'><label class='ff-el-form-check-label' for='checkbox_d8039fdb97cc7f1943e1298d89d36134'><input  type=\"checkbox\" name=\"checkbox[]\" data-name=\"checkbox\" class=\"ff-el-form-check-input ff-el-form-check-checkbox\" value=\"Bitte zeitnah!\"  id='checkbox_d8039fdb97cc7f1943e1298d89d36134' aria-label='D\u00e8s que possible !' aria-invalid='false' aria-required=true> <span>D\u00e8s que possible !<\/span><\/label><\/div><div class='ff-el-form-check ff-el-form-check-'><label class='ff-el-form-check-label' for='checkbox_ba0ef74623cbd1275f7a43d00752b48c'><input  type=\"checkbox\" name=\"checkbox[]\" data-name=\"checkbox\" class=\"ff-el-form-check-input ff-el-form-check-checkbox\" value=\"07:00 - 11:00 Uhr\"  id='checkbox_ba0ef74623cbd1275f7a43d00752b48c' aria-label='07:00 \u2013 11:00' aria-invalid='false' aria-required=true> <span>07:00 \u2013 11:00<\/span><\/label><\/div><div class='ff-el-form-check ff-el-form-check-'><label class='ff-el-form-check-label' for='checkbox_608ef16a193fcfd6cc6aa6f54a910359'><input  type=\"checkbox\" name=\"checkbox[]\" data-name=\"checkbox\" class=\"ff-el-form-check-input ff-el-form-check-checkbox\" value=\"12:30 - 16:00 Uhr\"  id='checkbox_608ef16a193fcfd6cc6aa6f54a910359' aria-label='12:30 \u2013 16:00' aria-invalid='false' aria-required=true> <span>12:30 \u2013 16:00<\/span><\/label><\/div><div class='ff-el-form-check ff-el-form-check-'><label class='ff-el-form-check-label' for='checkbox_72d996439577cc49701808c785a59730'><input  type=\"checkbox\" name=\"checkbox[]\" data-name=\"checkbox\" class=\"ff-el-form-check-input ff-el-form-check-checkbox\" value=\"ab 16 Uhr\"  id='checkbox_72d996439577cc49701808c785a59730' aria-label='\u00c0 partir de 16 h' aria-invalid='false' aria-required=true> <span>\u00c0 partir de 16 h<\/span><\/label><\/div><\/div><\/div><\/div><\/div><input type=\"hidden\" name=\"page_language\" data-name=\"page_language\" ><div class='ff-el-group'><div class=\"ff-el-input--label ff-el-is-required asterisk-right\"><label for='ff_6_message' id='label_ff_6_message' aria-label=\"Ton message pour nous\">Ton message pour nous<\/label><\/div><div class='ff-el-input--content'><textarea aria-required=\"true\" aria-labelledby=\"label_ff_6_message\" name=\"message\" id=\"ff_6_message\" class=\"ff-el-form-control\" placeholder=\"Dis-nous ce qui est important pour toi.\" rows=\"4\" cols=\"2\" data-name=\"message\" ><\/textarea><\/div><\/div><div class='ff-el-group    ff-el-input--content'><div class='ff-el-form-check ff-el-tc'><label aria-label='Terms and Conditions: J\u2019accepte que ce site web stocke mes donn\u00e9es pour r\u00e9pondre \u00e0 ma demande. J\u2019ai lu la politique de confidentialit\u00e9 et je l\u2019accepte.  Contains 1 link. Use tab navigation to review.' class='ff-el-form-check-label ff_tc_label' for=terms-n-condition_9ac4c815c794e82fa7116738a8102862><span class='ff_tc_checkbox'><input type=\"checkbox\" name=\"terms-n-condition\" class=\"ff-el-form-check-input\" data-name=\"terms-n-condition\" id=\"terms-n-condition_9ac4c815c794e82fa7116738a8102862\"  value='on' aria-invalid='false' aria-required=true><\/span> <div class='ff_t_c'><p>J\u2019accepte que ce site web stocke mes donn\u00e9es pour r\u00e9pondre \u00e0 ma demande. J\u2019ai lu la <a href=\"https:\/\/www.mobitoil.ch\/fr\/protection-des-donnees\/\">politique de confidentialit\u00e9<\/a> et je l\u2019accepte. <\/p><\/div><\/label><\/div><\/div><div class='ff-el-group ff-text-left ff_submit_btn_wrapper'><button type=\"submit\" class=\"ff-btn ff-btn-submit ff-btn-lg ff_btn_style wpf_has_custom_css\"  aria-label=\"Envoyer\">Envoyer<\/button><\/div><\/fieldset><\/form><div id='fluentform_6_errors' class='ff-errors-in-stack ff_form_instance_6_1 ff-form-loading_errors ff_form_instance_6_1_errors'><\/div><\/div>            <script type=\"text\/javascript\">\n                window.fluent_form_ff_form_instance_6_1 = {\"id\":\"6\",\"ajaxUrl\":\"https:\\\/\\\/www.mobitoil.ch\\\/wp-admin\\\/admin-ajax.php\",\"settings\":{\"layout\":{\"labelPlacement\":\"top\",\"helpMessagePlacement\":\"with_label\",\"errorMessagePlacement\":\"inline\",\"cssClassName\":\"\",\"asteriskPlacement\":\"asterisk-right\"},\"restrictions\":{\"denyEmptySubmission\":{\"enabled\":false}}},\"form_instance\":\"ff_form_instance_6_1\",\"form_id_selector\":\"fluentform_6\",\"rules\":{\"names[first_name]\":{\"required\":{\"value\":false,\"message\":\"Ce champ est obligatoire\",\"global\":false,\"global_message\":\"Dieses Feld ist erforderlich\"}},\"names[middle_name]\":{\"required\":{\"value\":false,\"message\":\"Ce champ est obligatoire\",\"global\":false,\"global_message\":\"Dieses Feld ist erforderlich\"}},\"names[last_name]\":{\"required\":{\"value\":true,\"message\":\"Ce champ est obligatoire\",\"global\":false,\"global_message\":\"Dieses Feld ist erforderlich\"}},\"email\":{\"required\":{\"value\":true,\"message\":\"Ce champ est obligatoire\",\"global\":false,\"global_message\":\"Dieses Feld ist erforderlich\"},\"email\":{\"value\":true,\"message\":\"Ce champ doit contenir un e-mail valide\",\"global\":false,\"global_message\":\"Dieses Feld muss eine g\\u00fcltige E-Mail-Adresse enthalten\"}},\"phone\":{\"required\":{\"value\":true,\"message\":\"Ce champ est obligatoire\",\"global\":false,\"global_message\":\"Dieses Feld ist erforderlich\"},\"valid_phone_number\":{\"value\":true,\"message\":\"Le num\\u00e9ro de t\\u00e9l\\u00e9phone n\\u2019est pas valide\",\"global\":false,\"global_message\":\"Telefonnummer ist ung\\u00fcltig\"}},\"datetime\":{\"required\":{\"value\":false,\"message\":\"Ce champ est obligatoire\",\"global_message\":\"Dieses Feld ist erforderlich\",\"global\":true}},\"checkbox\":{\"required\":{\"value\":true,\"message\":\"Ce champ est obligatoire\",\"global_message\":\"Dieses Feld ist erforderlich\",\"global\":true}},\"message\":{\"required\":{\"value\":true,\"message\":\"Ce champ est obligatoire\",\"global\":false,\"global_message\":\"Dieses Feld ist erforderlich\"}},\"terms-n-condition\":{\"required\":{\"value\":true,\"message\":\"Ce champ est obligatoire\",\"global_message\":\"Dieses Feld ist erforderlich\",\"global\":true}}},\"debounce_time\":300};\n                            <\/script>\n                        <\/div>\n\n            \t\t\t\t<\/div>\n\t\t\t\t<\/div>\n\t\t\t\t<\/div>\n\t\t\t\t<div class=\"elementor-element elementor-element-03f1d73 e-con e-atomic-element e-flexbox-base e-03f1d73-d0da080\" data-id=\"03f1d73\" data-element_type=\"e-flexbox\" data-e-type=\"e-flexbox\" data-interaction-id=\"03f1d73\" data-e-type=\"e-flexbox\" data-id=\"03f1d73\">\n\t\t\t\t\t\t\t<h2 \n\t\tdata-interaction-id=\"4466083\" \n\t\tclass=\"e-heading-base\" \n\t\t \n\t\tdata-e-type=\"widget\" data-id=\"4466083\"\n\t>\n\t\n\t\t\t<strong>Demander les tarifs des toilettes mobiles en ligne<\/strong>\n\t\t<\/h2>\n\t\t\t\t\t\t\t\t<p class=\"e-c5c4ad2-48ee8e7 e-paragraph-base\" data-interaction-id=\"c5c4ad2\"  data-e-type=\"widget\" data-id=\"c5c4ad2\">\n\t\t\t\t\t\t\t\tVous avez des questions avant de commander ou pr\u00e9f\u00e9rez passer commande par t\u00e9l\u00e9phone ? Nous sommes \u00e0 votre disposition :  <a target=\"_blank\" href=\"tel:+491719903501\" id=\"e-mnybadx6-o90fuub\"><strong id=\"e-mnybadx6-wn8rko2\">&nbsp;<\/strong><\/a>&nbsp;<a target=\"_self\" href=\"tel:+41800880030\" id=\"e-mnybadx6-d8hhsuh\"><strong id=\"e-mnybadx6-6yypw7i\">0800 88 00 30<\/strong><\/a>&nbsp;<a target=\"_blank\" href=\"tel:+491719903501\" id=\"e-mnybadx6-i1vlqc3\"><strong id=\"e-mnybadx6-3z63b9v\">&nbsp;<\/strong><\/a>Sinon, vous pouvez utiliser le formulaire suivant pour demander facilement et \u00e0 tout moment un devis en ligne pour votre toilette mobile et obtenir les prix exacts pour la solution de toilette mobile adapt\u00e9e.\n\t\t\t\t\t<\/p>\n\t\t\t\t<\/div>\n\t\t\t\t<\/div>\n\t\t\t\t<\/div>\n\t\t","protected":false},"excerpt":{"rendered":"<p>Kontakt &#8211; Standard VornameNachnameE-MailUnter welcher Nummer k\u00f6nnen wir dich erreichen?An welchem Tag sollen wir zur\u00fcckrufen?Zeit f\u00fcr den Anruf Bitte zeitnah! 07:00 &#8211; 11:00 Uhr 12:30 &#8211; 16:00 Uhr ab 16 UhrDeine Nachricht an uns Ich stimme zu, dass diese Website meine Daten speichert, um auf meine Anfrage zu antworten. Ich habe die Datenschutzerkl\u00e4rung gelesen und [&hellip;]<\/p>\n","protected":false},"author":2,"featured_media":0,"parent":0,"menu_order":0,"comment_status":"closed","ping_status":"closed","template":"","meta":{"footnotes":""},"class_list":["post-1392","page","type-page","status-publish","hentry"],"_links":{"self":[{"href":"https:\/\/www.mobitoil.ch\/fr\/wp-json\/wp\/v2\/pages\/1392","targetHints":{"allow":["GET"]}}],"collection":[{"href":"https:\/\/www.mobitoil.ch\/fr\/wp-json\/wp\/v2\/pages"}],"about":[{"href":"https:\/\/www.mobitoil.ch\/fr\/wp-json\/wp\/v2\/types\/page"}],"author":[{"embeddable":true,"href":"https:\/\/www.mobitoil.ch\/fr\/wp-json\/wp\/v2\/users\/2"}],"replies":[{"embeddable":true,"href":"https:\/\/www.mobitoil.ch\/fr\/wp-json\/wp\/v2\/comments?post=1392"}],"version-history":[{"count":2,"href":"https:\/\/www.mobitoil.ch\/fr\/wp-json\/wp\/v2\/pages\/1392\/revisions"}],"predecessor-version":[{"id":1394,"href":"https:\/\/www.mobitoil.ch\/fr\/wp-json\/wp\/v2\/pages\/1392\/revisions\/1394"}],"wp:attachment":[{"href":"https:\/\/www.mobitoil.ch\/fr\/wp-json\/wp\/v2\/media?parent=1392"}],"curies":[{"name":"wp","href":"https:\/\/api.w.org\/{rel}","templated":true}]}}