{"id":1398,"date":"2026-03-01T20:44:53","date_gmt":"2026-03-01T19:44:53","guid":{"rendered":"https:\/\/www.mobitoil.ch\/mentions-legales\/"},"modified":"2026-04-17T12:42:04","modified_gmt":"2026-04-17T11:42:04","slug":"mentions-legales","status":"publish","type":"page","link":"https:\/\/www.mobitoil.ch\/fr\/mentions-legales\/","title":{"rendered":"Mentions l\u00e9gales"},"content":{"rendered":"\t\t<div data-elementor-type=\"wp-page\" data-elementor-id=\"1398\" class=\"elementor elementor-1398 elementor-239\" data-elementor-post-type=\"page\">\n\t\t\t\t\t\t<div class=\"elementor-element elementor-element-df7cc5d e-con e-atomic-element e-flexbox-base e-df7cc5d-bc7dc74 l-5-xs-4-8-xxs-4-10\" data-id=\"df7cc5d\" data-element_type=\"e-flexbox\" data-e-type=\"e-flexbox\" data-interaction-id=\"df7cc5d\" data-e-type=\"e-flexbox\" data-id=\"df7cc5d\">\n\t\t\t\t\t\t\t<h2 \n\t\tdata-interaction-id=\"c5213c6\" \n\t\tclass=\"e-c5213c6-fae79be h1 e-heading-base\" \n\t\t \n\t\tdata-e-type=\"widget\" data-id=\"c5213c6\"\n\t>\n\t\n\t\t\tMentions l\u00e9gales\n\t\t<\/h2>\n\t\t\t\t\t\t\t\t<p class=\"paragraph e-de7fa8f-42fde8c e-paragraph-base\" data-interaction-id=\"de7fa8f\"  data-e-type=\"widget\" data-id=\"de7fa8f\">\n\t\t\t\t\t\t\t\tMOBITOIL est une marque de TOI TOI AG<br><br><strong id=\"e-mnh2j6sm-5hjghh9\">TOI TOI AG<\/strong><br><br>Furtbachstrasse 14<br>CH-8107 Buchs ZH&nbsp;<br><br>T\u00e9l. : <a target=\"_self\" href=\"tel:+41800880030\" id=\"e-mnh2j6sm-xnqvop3\"><strong id=\"e-mnh2j6sm-pp6ey1e\"><u id=\"e-mnh2j6sm-k1yuocv\">0800 88 00 30<\/u><\/strong><\/a><br>Fax :&nbsp;<a target=\"_blank\" href=\"tel:+41433224786\" id=\"e-mnh2j6sm-gfkeevy\">+41 43 322 47 86<\/a><br><a target=\"_self\" href=\"mailto:info@mobitoil.ch\" id=\"e-mnh2j6sm-k1x7kn8\"><strong id=\"e-mnh2j6sm-zwdl3xc\"><u id=\"e-mnh2j6sm-qj21koa\">info@mobitoil.ch<\/u><\/strong><\/a><br><a target=\"_self\" href=\"mobitoil.ch\" id=\"e-mnh2j6sm-k06ecbt\"><strong id=\"e-mnh2j6sm-xbunvva\"><u id=\"e-mnh2j6sm-4mo3a2e\">www. mobitoil.ch<\/u><\/strong><\/a>&nbsp;<br><br>Num\u00e9ro IDE : CHE-101.573.055<br>N\u00b0 de registre du commerce : CH-020.3.005.286-2&nbsp;<br><br>Directeur g\u00e9n\u00e9ral : Beat Tschudi\n\t\t\t\t\t<\/p>\n\t\t\t\t<div class=\"elementor-element elementor-element-362fcb6 e-con e-atomic-element e-flexbox-base e-362fcb6-60d558e\" data-id=\"362fcb6\" data-element_type=\"e-flexbox\" data-e-type=\"e-flexbox\" data-interaction-id=\"362fcb6\" data-e-type=\"e-flexbox\" data-id=\"362fcb6\">\n\t\t\t\t\t\t\t<h2 \n\t\tdata-interaction-id=\"3ade0b0\" \n\t\tclass=\"e-3ade0b0-97af83e h2 e-heading-base\" \n\t\t \n\t\tdata-e-type=\"widget\" data-id=\"3ade0b0\"\n\t>\n\t\n\t\t\tWebdesign\n\t\t<\/h2>\n\t\t\t\t\t\t\t\t<p class=\"paragraph e-01a68cc-42dd008 e-paragraph-base\" data-interaction-id=\"01a68cc\"  data-e-type=\"widget\" data-id=\"01a68cc\">\n\t\t\t\t\t\t\t\tMedDirection<br>Gautschweg 2<br>01309 Dresde, GER<br><a target=\"_blank\" href=\"https:\/\/med-direction.de\/\" id=\"e-mnh2hqz8-85snda1\" rel=\"noopener\"><strong id=\"e-mnh2hqz8-siwdm1i\"><u id=\"e-mnh2hqz8-r45hxkp\">med-direction.de<\/u><\/strong><\/a>\n\t\t\t\t\t<\/p>\n\t\t\t\t<\/div>\n\t\t\t\t<div class=\"elementor-element elementor-element-ce6b889 e-con e-atomic-element e-flexbox-base e-ce6b889-24b83bb\" data-id=\"ce6b889\" data-element_type=\"e-flexbox\" data-e-type=\"e-flexbox\" data-interaction-id=\"ce6b889\" data-e-type=\"e-flexbox\" data-id=\"ce6b889\">\n\t\t\t\t\t\t\t<h2 \n\t\tdata-interaction-id=\"60da377\" \n\t\tclass=\"e-60da377-c23192c h2 e-heading-base\" \n\t\t \n\t\tdata-e-type=\"widget\" data-id=\"60da377\"\n\t>\n\t\n\t\t\tExclusion de responsabilit\u00e9\n\t\t<\/h2>\n\t\t\t\t\t\t\t\t<p class=\"paragraph e-a72d295-4bf9cd2 e-paragraph-base\" data-interaction-id=\"a72d295\"  data-e-type=\"widget\" data-id=\"a72d295\">\n\t\t\t\t\t\t\t\tLe contenu de ce site web est \u00e9labor\u00e9 avec le plus grand soin. Toutefois, TOI TOI AG ne garantit pas l\u2019exactitude, l\u2019exhaustivit\u00e9 ni l\u2019actualit\u00e9 du contenu mis \u00e0 disposition. L\u2019utilisation du contenu du site web se fait aux propres risques de l\u2019utilisateur.  <br><br><strong>Responsabilit\u00e9 pour les liens<\/strong><br>Notre site web contient des liens vers des sites web externes de tiers, sur le contenu desquels nous n\u2019avons aucune influence. Par cons\u00e9quent, nous ne pouvons assumer aucune garantie pour ces contenus tiers. Le fournisseur ou l\u2019exploitant respectif des pages li\u00e9es est toujours responsable de leur contenu. Les pages li\u00e9es ont \u00e9t\u00e9 v\u00e9rifi\u00e9es au moment de la cr\u00e9ation du lien afin de d\u00e9tecter d\u2019\u00e9ventuelles violations de la loi. Aucun contenu illicite n\u2019a \u00e9t\u00e9 identifi\u00e9 au moment de la cr\u00e9ation du lien. Si nous prenons connaissance de violations de la loi, nous supprimerons imm\u00e9diatement ces liens.     <br><br><strong>Droit d\u2019auteur<\/strong><br>Le contenu publi\u00e9 sur ce site web est soumis au droit d\u2019auteur suisse. La reproduction, la modification, la diffusion et tout type d\u2019exploitation en dehors des limites du droit d\u2019auteur n\u00e9cessitent l\u2019accord \u00e9crit de l\u2019auteur ou du cr\u00e9ateur respectif. Les t\u00e9l\u00e9chargements et copies de ce site ne sont autoris\u00e9s que pour un usage priv\u00e9 et non commercial. Dans la mesure o\u00f9 le contenu de ce site n\u2019a pas \u00e9t\u00e9 cr\u00e9\u00e9 par l\u2019exploitant, les droits d\u2019auteur de tiers sont respect\u00e9s.   \n\t\t\t\t\t<\/p>\n\t\t\t\t<\/div>\n\t\t\t\t<\/div>\n\t\t\t\t<\/div>\n\t\t","protected":false},"excerpt":{"rendered":"<p>Mentions l\u00e9gales MOBITOIL est une marque de TOI TOI AG TOI TOI AG Furtbachstrasse 14CH-8107 Buchs ZH&nbsp; T\u00e9l. : 0800 88 00 30Fax :&nbsp;+41 43 322 47 86info@mobitoil.chwww. mobitoil.ch&nbsp; Num\u00e9ro IDE : CHE-101.573.055N\u00b0 de registre du commerce : CH-020.3.005.286-2&nbsp; Directeur g\u00e9n\u00e9ral : Beat Tschudi Webdesign MedDirectionGautschweg 201309 Dresde, GERmed-direction.de Exclusion de responsabilit\u00e9 Le contenu de [&hellip;]<\/p>\n","protected":false},"author":2,"featured_media":0,"parent":0,"menu_order":0,"comment_status":"closed","ping_status":"closed","template":"","meta":{"footnotes":""},"class_list":["post-1398","page","type-page","status-publish","hentry"],"_links":{"self":[{"href":"https:\/\/www.mobitoil.ch\/fr\/wp-json\/wp\/v2\/pages\/1398","targetHints":{"allow":["GET"]}}],"collection":[{"href":"https:\/\/www.mobitoil.ch\/fr\/wp-json\/wp\/v2\/pages"}],"about":[{"href":"https:\/\/www.mobitoil.ch\/fr\/wp-json\/wp\/v2\/types\/page"}],"author":[{"embeddable":true,"href":"https:\/\/www.mobitoil.ch\/fr\/wp-json\/wp\/v2\/users\/2"}],"replies":[{"embeddable":true,"href":"https:\/\/www.mobitoil.ch\/fr\/wp-json\/wp\/v2\/comments?post=1398"}],"version-history":[{"count":2,"href":"https:\/\/www.mobitoil.ch\/fr\/wp-json\/wp\/v2\/pages\/1398\/revisions"}],"predecessor-version":[{"id":1400,"href":"https:\/\/www.mobitoil.ch\/fr\/wp-json\/wp\/v2\/pages\/1398\/revisions\/1400"}],"wp:attachment":[{"href":"https:\/\/www.mobitoil.ch\/fr\/wp-json\/wp\/v2\/media?parent=1398"}],"curies":[{"name":"wp","href":"https:\/\/api.w.org\/{rel}","templated":true}]}}